{"id":18,"date":"2025-10-17T11:16:37","date_gmt":"2025-10-17T11:16:37","guid":{"rendered":"https:\/\/hurghada-dive.com\/new2026\/index.php\/terms-and-conditions\/"},"modified":"2025-10-23T22:15:50","modified_gmt":"2025-10-23T22:15:50","slug":"geschaftsbedingungen","status":"publish","type":"page","link":"https:\/\/hurghada-dive.com\/de\/geschaftsbedingungen\/","title":{"rendered":"Gesch\u00e4ftsbedingungen"},"content":{"rendered":"<div data-elementor-type=\"wp-page\" data-elementor-id=\"18\" class=\"elementor elementor-18\">\n\t\t\t\t<div class=\"elementor-element elementor-element-779582d e-flex e-con-boxed e-con e-parent\" data-id=\"779582d\" data-element_type=\"container\">\n\t\t\t\t\t<div class=\"e-con-inner\">\n\t\t\t\t<div class=\"elementor-element elementor-element-a99a4d4 elementor-widget elementor-widget-text-editor\" data-id=\"a99a4d4\" data-element_type=\"widget\" data-widget_type=\"text-editor.default\">\n\t\t\t\t\t\t\t\t\t<p data-start=\"372\" data-end=\"565\">Willkommen bei Hurghada Dive. Mit der Buchung einer Dienstleistung, Aktivit\u00e4t oder eines Kurses \u00fcber unsere Website erkl\u00e4ren Sie sich mit den folgenden Allgemeinen Gesch\u00e4ftsbedingungen einverstanden. Bitte lesen Sie diese sorgf\u00e4ltig durch, bevor Sie eine Buchung vornehmen.<\/p><hr data-start=\"567\" data-end=\"570\" \/><h3 data-start=\"572\" data-end=\"605\">1. Buchung und Best\u00e4tigung<\/h3><ul data-start=\"606\" data-end=\"890\"><li data-start=\"606\" data-end=\"690\"><p data-start=\"608\" data-end=\"690\">Alle Buchungen werden per E-Mail oder WhatsApp best\u00e4tigt, sobald alle Details vorliegen.<\/p><\/li><li data-start=\"691\" data-end=\"763\"><p data-start=\"693\" data-end=\"763\">Eine Buchung gilt erst nach Best\u00e4tigung durch unser Team als g\u00fcltig.<\/p><\/li><li data-start=\"764\" data-end=\"890\"><p data-start=\"766\" data-end=\"890\">Bitte geben Sie genaue Informationen an (Name, Hotel, Datum, Anzahl der Taucher\/Schnorchler und gegebenenfalls Zertifizierungsstufe).<\/p><\/li><\/ul><hr data-start=\"892\" data-end=\"895\" \/><h3 data-start=\"897\" data-end=\"920\">2. Zahlungsrichtlinien<\/h3><ul data-start=\"921\" data-end=\"1139\"><li data-start=\"921\" data-end=\"994\"><p data-start=\"923\" data-end=\"994\">Zahlungen k\u00f6nnen in bar (EUR, USD, EGP) oder auf Anfrage per Karte erfolgen.<\/p><\/li><li data-start=\"995\" data-end=\"1063\"><p data-start=\"997\" data-end=\"1063\">F\u00fcr einige Aktivit\u00e4ten ist m\u00f6glicherweise eine kleine Anzahlung erforderlich, um Ihren Platz zu sichern.<\/p><\/li><li data-start=\"1064\" data-end=\"1139\"><p data-start=\"1066\" data-end=\"1139\">Die Preise verstehen sich pro Person und inklusive Steuern, sofern nicht anders angegeben.<\/p><\/li><\/ul><hr data-start=\"1141\" data-end=\"1144\" \/><h3 data-start=\"1146\" data-end=\"1179\">3. Stornierung und R\u00fcckerstattung<\/h3><ul data-start=\"1180\" data-end=\"1496\"><li data-start=\"1180\" data-end=\"1260\"><p data-start=\"1182\" data-end=\"1260\">Mindestens <strong data-start=\"1210\" data-end=\"1238\">24 Stunden vor der Reise<\/strong> sind kostenlos.<\/p><\/li><li data-start=\"1261\" data-end=\"1351\"><p data-start=\"1263\" data-end=\"1351\">Stornierungen innerhalb <strong data-start=\"1289\" data-end=\"1311\">weniger als 24 Stunden<\/strong> Es k\u00f6nnen 50% der Gesamtkosten in Rechnung gestellt werden.<\/p><\/li><li data-start=\"1352\" data-end=\"1416\"><p data-start=\"1354\" data-end=\"1416\">Bei Nichterscheinen am Reisetag wird der volle Betrag berechnet.<\/p><\/li><li data-start=\"1417\" data-end=\"1496\"><p data-start=\"1419\" data-end=\"1496\">R\u00fcckerstattungen (sofern zutreffend) werden mit derselben Zahlungsmethode abgewickelt.<\/p><\/li><\/ul><hr data-start=\"1498\" data-end=\"1501\" \/><h3 data-start=\"1503\" data-end=\"1538\">4. Wetter- und Seebedingungen<\/h3><ul data-start=\"1539\" data-end=\"1787\"><li data-start=\"1539\" data-end=\"1606\"><p data-start=\"1541\" data-end=\"1606\">Alle Tauch- und Bootsausfl\u00fcge sind von den Wetter- und Seebedingungen abh\u00e4ngig.<\/p><\/li><li data-start=\"1607\" data-end=\"1721\"><p data-start=\"1609\" data-end=\"1721\">Bei starkem Wind oder unsicheren Seebedingungen behalten wir uns vor, die Reiseroute aus Sicherheitsgr\u00fcnden zu \u00e4ndern oder neu zu planen.<\/p><\/li><li data-start=\"1722\" data-end=\"1787\"><p data-start=\"1724\" data-end=\"1787\">Falls eine Terminverschiebung nicht m\u00f6glich ist, wird eine vollst\u00e4ndige R\u00fcckerstattung angeboten.<\/p><\/li><\/ul><hr data-start=\"1789\" data-end=\"1792\" \/><h3 data-start=\"1794\" data-end=\"1822\">5. Tauchanforderungen<\/h3><ul data-start=\"1823\" data-end=\"2220\"><li data-start=\"1823\" data-end=\"1924\"><p data-start=\"1825\" data-end=\"1924\">Zertifizierte Taucher m\u00fcssen einen g\u00fcltigen Tauchschein (PADI, SSI, CMAS oder gleichwertig) vorlegen.<\/p><\/li><li data-start=\"1925\" data-end=\"1998\"><p data-start=\"1927\" data-end=\"1998\">F\u00fcr Schnuppertauchkurse und Anf\u00e4ngerprogramme ist keine Zertifizierung erforderlich.<\/p><\/li><li data-start=\"1999\" data-end=\"2157\"><p data-start=\"2001\" data-end=\"2157\">Das Tauchen ist nicht gestattet f\u00fcr Schwangere, Personen unter Drogen- oder Alkoholeinfluss oder Personen mit Erkrankungen, die die Sicherheit beim Tauchen beeintr\u00e4chtigen k\u00f6nnten.<\/p><\/li><li data-start=\"2158\" data-end=\"2220\"><p data-start=\"2160\" data-end=\"2220\">Sie m\u00fcssen ein Formular ausf\u00fcllen <strong data-start=\"2180\" data-end=\"2205\">medizinischer Fragebogen<\/strong> vor dem Tauchgang.<\/p><\/li><\/ul><hr data-start=\"2222\" data-end=\"2225\" \/><h3 data-start=\"2227\" data-end=\"2259\">6. Haftung und Versicherung<\/h3><ul data-start=\"2260\" data-end=\"2562\"><li data-start=\"2260\" data-end=\"2319\"><p data-start=\"2262\" data-end=\"2319\">Die Teilnahme an den Aktivit\u00e4ten erfolgt auf eigene Gefahr.<\/p><\/li><li data-start=\"2320\" data-end=\"2437\"><p data-start=\"2322\" data-end=\"2437\">Hurghada Dive und seine Mitarbeiter \u00fcbernehmen keine Haftung f\u00fcr Verlust, Verletzung oder Besch\u00e4digung von pers\u00f6nlichem Eigentum w\u00e4hrend der Reise.<\/p><\/li><li data-start=\"2438\" data-end=\"2562\"><p data-start=\"2440\" data-end=\"2562\">Wir empfehlen allen G\u00e4sten dringend, eine Reise- und Tauchversicherung abzuschlie\u00dfen, die medizinische Notf\u00e4lle und Tauchaktivit\u00e4ten abdeckt.<\/p><\/li><\/ul><hr data-start=\"2564\" data-end=\"2567\" \/><h3 data-start=\"2569\" data-end=\"2598\">7. Ausr\u00fcstung und Sicherheit<\/h3><ul data-start=\"2599\" data-end=\"2859\"><li data-start=\"2599\" data-end=\"2697\"><p data-start=\"2601\" data-end=\"2697\">Die gesamte von Hurghada Dive bereitgestellte Ausr\u00fcstung wird regelm\u00e4\u00dfig gewartet und vor jeder Tauchtour \u00fcberpr\u00fcft.<\/p><\/li><li data-start=\"2698\" data-end=\"2781\"><p data-start=\"2700\" data-end=\"2781\">G\u00e4ste, die pers\u00f6nliche Ausr\u00fcstung mitbringen, sind f\u00fcr deren ordnungsgem\u00e4\u00dfe Wartung verantwortlich.<\/p><\/li><li data-start=\"2782\" data-end=\"2859\"><p data-start=\"2784\" data-end=\"2859\">Unsere Tauchlehrer und Tauchguides befolgen die internationalen PADI-Sicherheitsstandards.<\/p><\/li><\/ul><hr data-start=\"2861\" data-end=\"2864\" \/><h3 data-start=\"2866\" data-end=\"2896\">8. Zertifizierungskurse<\/h3><ul data-start=\"2897\" data-end=\"3169\"><li data-start=\"2897\" data-end=\"2962\"><p data-start=\"2899\" data-end=\"2962\">Alle PADI-Kurse werden von zertifizierten PADI-Instruktoren durchgef\u00fchrt.<\/p><\/li><li data-start=\"2963\" data-end=\"3068\"><p data-start=\"2965\" data-end=\"3068\">Die Kursgeb\u00fchren beinhalten Schulung, Betreuung durch den Ausbilder und Zertifizierungsgeb\u00fchren, sofern nicht anders angegeben.<\/p><\/li><li data-start=\"3069\" data-end=\"3169\"><p data-start=\"3071\" data-end=\"3169\">Die Studierenden m\u00fcssen alle Leistungsanforderungen erf\u00fcllen und alle Tauchg\u00e4nge absolvieren, um das Zertifikat zu erhalten.<\/p><\/li><\/ul><hr data-start=\"3171\" data-end=\"3174\" \/><h3 data-start=\"3176\" data-end=\"3206\">9. Transfers und Abholung<\/h3><ul data-start=\"3207\" data-end=\"3383\"><li data-start=\"3207\" data-end=\"3283\"><p data-start=\"3209\" data-end=\"3283\">Transfers von allen Hotels innerhalb von Hurghada sind in den meisten Programmen inbegriffen.<\/p><\/li><li data-start=\"3284\" data-end=\"3383\"><p data-start=\"3286\" data-end=\"3383\">F\u00fcr die Abholung von Makadi, El Gouna oder Sahl Hasheesh kann eine zus\u00e4tzliche Geb\u00fchr (10 \u20ac pro Person) anfallen.<\/p><\/li><\/ul><hr data-start=\"3385\" data-end=\"3388\" \/><h3 data-start=\"3390\" data-end=\"3414\">10. Datenschutzrichtlinie<\/h3><ul data-start=\"3415\" data-end=\"3684\"><li data-start=\"3415\" data-end=\"3518\"><p data-start=\"3417\" data-end=\"3518\">Pers\u00f6nliche Daten wie Name, E-Mail-Adresse und Hoteldetails werden nur zu Buchungszwecken erhoben.<\/p><\/li><li data-start=\"3519\" data-end=\"3585\"><p data-start=\"3521\" data-end=\"3585\">Wir geben Ihre pers\u00f6nlichen Daten nicht an Dritte weiter und verkaufen sie auch nicht.<\/p><\/li><li data-start=\"3586\" data-end=\"3684\"><p data-start=\"3588\" data-end=\"3684\">Mit Ihrer Buchung bei uns erkl\u00e4ren Sie sich damit einverstanden, dass wir Ihre Daten zur Erbringung der angeforderten Dienstleistung verwenden.<\/p><\/li><\/ul><hr data-start=\"3686\" data-end=\"3689\" \/><h3 data-start=\"3691\" data-end=\"3711\">11. Kontaktieren Sie uns<\/h3><p data-start=\"3712\" data-end=\"3910\">Sollten Sie Fragen zu diesen Allgemeinen Gesch\u00e4ftsbedingungen haben, kontaktieren Sie uns bitte:<br data-start=\"3790\" data-end=\"3793\" \/><strong data-start=\"3793\" data-end=\"3803\">E-Mail:<\/strong> <a class=\"decorated-link cursor-pointer\" rel=\"noopener\" data-start=\"3804\" data-end=\"3826\">info@hurghada-dive.com<\/a><br data-start=\"3826\" data-end=\"3829\" \/><strong data-start=\"3829\" data-end=\"3850\">Telefon \/ WhatsApp:<\/strong> +2012 25131986<br \/><br data-start=\"3868\" data-end=\"3871\" \/><strong data-start=\"3871\" data-end=\"3883\">Adresse:<\/strong> Hurghada, Rotes Meer, \u00c4gypten<\/p>\t\t\t\t\t\t\t\t<\/div>\n\t\t\t\t\t<\/div>\n\t\t\t\t<\/div>\n\t\t\t\t<\/div>","protected":false},"excerpt":{"rendered":"<p>Welcome to Hurghada Dive. By booking a service, activity, or course through our website, you agree to the following terms and conditions. Please read them carefully before making a reservation. [&hellip;]<\/p>","protected":false},"author":1,"featured_media":0,"parent":0,"menu_order":0,"comment_status":"closed","ping_status":"closed","template":"","meta":{"footnotes":""},"class_list":["post-18","page","type-page","status-publish","hentry"],"_links":{"self":[{"href":"https:\/\/hurghada-dive.com\/de\/wp-json\/wp\/v2\/pages\/18","targetHints":{"allow":["GET"]}}],"collection":[{"href":"https:\/\/hurghada-dive.com\/de\/wp-json\/wp\/v2\/pages"}],"about":[{"href":"https:\/\/hurghada-dive.com\/de\/wp-json\/wp\/v2\/types\/page"}],"author":[{"embeddable":true,"href":"https:\/\/hurghada-dive.com\/de\/wp-json\/wp\/v2\/users\/1"}],"replies":[{"embeddable":true,"href":"https:\/\/hurghada-dive.com\/de\/wp-json\/wp\/v2\/comments?post=18"}],"version-history":[{"count":3,"href":"https:\/\/hurghada-dive.com\/de\/wp-json\/wp\/v2\/pages\/18\/revisions"}],"predecessor-version":[{"id":921,"href":"https:\/\/hurghada-dive.com\/de\/wp-json\/wp\/v2\/pages\/18\/revisions\/921"}],"wp:attachment":[{"href":"https:\/\/hurghada-dive.com\/de\/wp-json\/wp\/v2\/media?parent=18"}],"curies":[{"name":"wp","href":"https:\/\/api.w.org\/{rel}","templated":true}]}}