{"id":18,"date":"2025-10-17T11:16:37","date_gmt":"2025-10-17T11:16:37","guid":{"rendered":"https:\/\/hurghada-dive.com\/new2026\/index.php\/terms-and-conditions\/"},"modified":"2025-10-23T22:15:50","modified_gmt":"2025-10-23T22:15:50","slug":"termeni-si-conditii","status":"publish","type":"page","link":"https:\/\/hurghada-dive.com\/ro\/termeni-si-conditii\/","title":{"rendered":"Termeni \u0219i condi\u021bii"},"content":{"rendered":"<div data-elementor-type=\"wp-page\" data-elementor-id=\"18\" class=\"elementor elementor-18\">\n\t\t\t\t<div class=\"elementor-element elementor-element-779582d e-flex e-con-boxed e-con e-parent\" data-id=\"779582d\" data-element_type=\"container\">\n\t\t\t\t\t<div class=\"e-con-inner\">\n\t\t\t\t<div class=\"elementor-element elementor-element-a99a4d4 elementor-widget elementor-widget-text-editor\" data-id=\"a99a4d4\" data-element_type=\"widget\" data-widget_type=\"text-editor.default\">\n\t\t\t\t\t\t\t\t\t<p data-start=\"372\" data-end=\"565\">Bun venit la Hurghada Dive. Prin rezervarea unui serviciu, a unei activit\u0103\u021bi sau a unui curs prin intermediul site-ului nostru web, sunte\u021bi de acord cu urm\u0103torii termeni \u0219i condi\u021bii. V\u0103 rug\u0103m s\u0103 le citi\u021bi cu aten\u021bie \u00eenainte de a face o rezervare.<\/p><hr data-start=\"567\" data-end=\"570\" \/><h3 data-start=\"572\" data-end=\"605\">1. Rezervare \u0219i confirmare<\/h3><ul data-start=\"606\" data-end=\"890\"><li data-start=\"606\" data-end=\"690\"><p data-start=\"608\" data-end=\"690\">Toate rezerv\u0103rile sunt confirmate prin e-mail sau WhatsApp odat\u0103 ce sunt furnizate toate detaliile.<\/p><\/li><li data-start=\"691\" data-end=\"763\"><p data-start=\"693\" data-end=\"763\">O rezervare este considerat\u0103 valid\u0103 numai dup\u0103 confirmarea din partea echipei noastre.<\/p><\/li><li data-start=\"764\" data-end=\"890\"><p data-start=\"766\" data-end=\"890\">V\u0103 rug\u0103m s\u0103 furniza\u021bi informa\u021bii corecte (nume, hotel, dat\u0103, num\u0103rul de scafandri\/snorkeleristi \u0219i nivelul de certificare, dac\u0103 este cazul).<\/p><\/li><\/ul><hr data-start=\"892\" data-end=\"895\" \/><h3 data-start=\"897\" data-end=\"920\">2. Politica de plat\u0103<\/h3><ul data-start=\"921\" data-end=\"1139\"><li data-start=\"921\" data-end=\"994\"><p data-start=\"923\" data-end=\"994\">Pl\u0103\u021bile se pot efectua \u00een numerar (EUR, USD, EGP) sau cu cardul, la cerere.<\/p><\/li><li data-start=\"995\" data-end=\"1063\"><p data-start=\"997\" data-end=\"1063\">Unele activit\u0103\u021bi pot necesita un mic avans pentru a v\u0103 asigura locul.<\/p><\/li><li data-start=\"1064\" data-end=\"1139\"><p data-start=\"1066\" data-end=\"1139\">Pre\u021burile sunt afi\u0219ate per persoan\u0103 \u0219i includ taxele, cu excep\u021bia cazului \u00een care se specific\u0103 altfel.<\/p><\/li><\/ul><hr data-start=\"1141\" data-end=\"1144\" \/><h3 data-start=\"1146\" data-end=\"1179\">3. Anulare \u0219i ramburs\u0103ri<\/h3><ul data-start=\"1180\" data-end=\"1496\"><li data-start=\"1180\" data-end=\"1260\"><p data-start=\"1182\" data-end=\"1260\">Anul\u0103ri efectuate cel pu\u021bin <strong data-start=\"1210\" data-end=\"1238\">Cu 24 de ore \u00eenainte de c\u0103l\u0103torie<\/strong> sunt gratuite.<\/p><\/li><li data-start=\"1261\" data-end=\"1351\"><p data-start=\"1263\" data-end=\"1351\">Anul\u0103ri f\u0103cute \u00een termen de <strong data-start=\"1289\" data-end=\"1311\">mai pu\u021bin de 24 de ore<\/strong> se pot percepe 50% din costul total.<\/p><\/li><li data-start=\"1352\" data-end=\"1416\"><p data-start=\"1354\" data-end=\"1416\">Neprezent\u0103rile \u00een ziua c\u0103l\u0103toriei vor fi taxate integral.<\/p><\/li><li data-start=\"1417\" data-end=\"1496\"><p data-start=\"1419\" data-end=\"1496\">Ramburs\u0103rile (dac\u0103 este cazul) vor fi procesate folosind aceea\u0219i metod\u0103 de plat\u0103.<\/p><\/li><\/ul><hr data-start=\"1498\" data-end=\"1501\" \/><h3 data-start=\"1503\" data-end=\"1538\">4. Condi\u021biile meteorologice \u0219i maritime<\/h3><ul data-start=\"1539\" data-end=\"1787\"><li data-start=\"1539\" data-end=\"1606\"><p data-start=\"1541\" data-end=\"1606\">Toate scufund\u0103rile \u0219i excursiile cu barca depind de vreme \u0219i de condi\u021biile maritime.<\/p><\/li><li data-start=\"1607\" data-end=\"1721\"><p data-start=\"1609\" data-end=\"1721\">\u00cen caz de v\u00e2nt puternic sau condi\u021bii maritime nesigure, este posibil s\u0103 reprogramam sau s\u0103 modific\u0103m itinerariul din motive de siguran\u021b\u0103.<\/p><\/li><li data-start=\"1722\" data-end=\"1787\"><p data-start=\"1724\" data-end=\"1787\">Dac\u0103 reprogramarea nu este posibil\u0103, se va oferi o rambursare integral\u0103.<\/p><\/li><\/ul><hr data-start=\"1789\" data-end=\"1792\" \/><h3 data-start=\"1794\" data-end=\"1822\">5. Cerin\u021be pentru scufund\u0103ri<\/h3><ul data-start=\"1823\" data-end=\"2220\"><li data-start=\"1823\" data-end=\"1924\"><p data-start=\"1825\" data-end=\"1924\">Scafandrii certifica\u021bi trebuie s\u0103 prezinte un carnet de certificare de scufund\u0103ri valabil (PADI, SSI, CMAS sau echivalent).<\/p><\/li><li data-start=\"1925\" data-end=\"1998\"><p data-start=\"1927\" data-end=\"1998\">Pentru programele de scufund\u0103ri introductive \u0219i pentru \u00eencep\u0103tori, nu este necesar\u0103 nicio certificare.<\/p><\/li><li data-start=\"1999\" data-end=\"2157\"><p data-start=\"2001\" data-end=\"2157\">Scufund\u0103rile nu sunt permise femeilor \u00eens\u0103rcinate, persoanelor aflate sub influen\u021ba drogurilor sau alcoolului sau oric\u0103ror persoane cu afec\u021biuni medicale care pot afecta siguran\u021ba scufund\u0103rilor.<\/p><\/li><li data-start=\"2158\" data-end=\"2220\"><p data-start=\"2160\" data-end=\"2220\">Trebuie s\u0103 completa\u021bi un <strong data-start=\"2180\" data-end=\"2205\">chestionar medical<\/strong> \u00eenainte de scufundare.<\/p><\/li><\/ul><hr data-start=\"2222\" data-end=\"2225\" \/><h3 data-start=\"2227\" data-end=\"2259\">6. R\u0103spundere \u0219i asigurare<\/h3><ul data-start=\"2260\" data-end=\"2562\"><li data-start=\"2260\" data-end=\"2319\"><p data-start=\"2262\" data-end=\"2319\">To\u021bi oaspe\u021bii particip\u0103 la activit\u0103\u021bi pe propriul risc.<\/p><\/li><li data-start=\"2320\" data-end=\"2437\"><p data-start=\"2322\" data-end=\"2437\">Hurghada Dive \u0219i personalul s\u0103u nu sunt responsabili pentru pierderea, v\u0103t\u0103marea corporal\u0103 sau deteriorarea bunurilor personale \u00een timpul c\u0103l\u0103toriei.<\/p><\/li><li data-start=\"2438\" data-end=\"2562\"><p data-start=\"2440\" data-end=\"2562\">Recomand\u0103m insistent ca to\u021bi oaspe\u021bii s\u0103 aib\u0103 o asigurare de c\u0103l\u0103torie \u0219i de scufund\u0103ri care s\u0103 acopere urgen\u021bele medicale \u0219i activit\u0103\u021bile de scufund\u0103ri.<\/p><\/li><\/ul><hr data-start=\"2564\" data-end=\"2567\" \/><h3 data-start=\"2569\" data-end=\"2598\">7. Echipament \u0219i siguran\u021b\u0103<\/h3><ul data-start=\"2599\" data-end=\"2859\"><li data-start=\"2599\" data-end=\"2697\"><p data-start=\"2601\" data-end=\"2697\">Toate echipamentele furnizate de Hurghada Dive sunt \u00eentre\u021binute \u0219i verificate periodic \u00eenainte de fiecare excursie.<\/p><\/li><li data-start=\"2698\" data-end=\"2781\"><p data-start=\"2700\" data-end=\"2781\">Oaspe\u021bii care aduc echipament personal sunt responsabili pentru \u00eentre\u021binerea corespunz\u0103toare a acestuia.<\/p><\/li><li data-start=\"2782\" data-end=\"2859\"><p data-start=\"2784\" data-end=\"2859\">Instructorii \u0219i ghizii no\u0219tri de scufund\u0103ri respect\u0103 standardele interna\u021bionale de siguran\u021b\u0103 PADI.<\/p><\/li><\/ul><hr data-start=\"2861\" data-end=\"2864\" \/><h3 data-start=\"2866\" data-end=\"2896\">8. Cursuri de certificare<\/h3><ul data-start=\"2897\" data-end=\"3169\"><li data-start=\"2897\" data-end=\"2962\"><p data-start=\"2899\" data-end=\"2962\">Toate cursurile PADI sunt conduse de instructori PADI certifica\u021bi.<\/p><\/li><li data-start=\"2963\" data-end=\"3068\"><p data-start=\"2965\" data-end=\"3068\">Taxele de curs includ instruirea, supravegherea instructorului \u0219i taxele de certificare, cu excep\u021bia cazului \u00een care se specific\u0103 altfel.<\/p><\/li><li data-start=\"3069\" data-end=\"3169\"><p data-start=\"3071\" data-end=\"3169\">Studen\u021bii trebuie s\u0103 \u00eendeplineasc\u0103 toate cerin\u021bele de performan\u021b\u0103 \u0219i s\u0103 finalizeze toate scufund\u0103rile pentru a primi certificarea.<\/p><\/li><\/ul><hr data-start=\"3171\" data-end=\"3174\" \/><h3 data-start=\"3176\" data-end=\"3206\">9. Transferuri \u0219i preluare<\/h3><ul data-start=\"3207\" data-end=\"3383\"><li data-start=\"3207\" data-end=\"3283\"><p data-start=\"3209\" data-end=\"3283\">Transferurile de la toate hotelurile din Hurghada sunt incluse \u00een majoritatea programelor.<\/p><\/li><li data-start=\"3284\" data-end=\"3383\"><p data-start=\"3286\" data-end=\"3383\">Preluarea din Makadi, El Gouna sau Sahl Hasheesh poate necesita o tax\u0103 suplimentar\u0103 (10 EUR de persoan\u0103).<\/p><\/li><\/ul><hr data-start=\"3385\" data-end=\"3388\" \/><h3 data-start=\"3390\" data-end=\"3414\">10. Politica de confiden\u021bialitate<\/h3><ul data-start=\"3415\" data-end=\"3684\"><li data-start=\"3415\" data-end=\"3518\"><p data-start=\"3417\" data-end=\"3518\">Informa\u021biile personale precum numele, adresa de e-mail \u0219i detaliile hotelului sunt colectate doar \u00een scopul rezerv\u0103rii.<\/p><\/li><li data-start=\"3519\" data-end=\"3585\"><p data-start=\"3521\" data-end=\"3585\">Nu partaj\u0103m \u0219i nu vindem informa\u021bii personale c\u0103tre ter\u021bi.<\/p><\/li><li data-start=\"3586\" data-end=\"3684\"><p data-start=\"3588\" data-end=\"3684\">Prin rezervarea cu noi, v\u0103 exprima\u021bi acordul cu privire la utilizarea informa\u021biilor dumneavoastr\u0103 pentru a v\u0103 furniza serviciul solicitat.<\/p><\/li><\/ul><hr data-start=\"3686\" data-end=\"3689\" \/><h3 data-start=\"3691\" data-end=\"3711\">11. Contacta\u021bi-ne<\/h3><p data-start=\"3712\" data-end=\"3910\">Dac\u0103 ave\u021bi \u00eentreb\u0103ri despre ace\u0219ti Termeni \u0219i Condi\u021bii, v\u0103 rug\u0103m s\u0103 ne contacta\u021bi:<br data-start=\"3790\" data-end=\"3793\" \/><strong data-start=\"3793\" data-end=\"3803\">E-mail:<\/strong> <a class=\"decorated-link cursor-pointer\" rel=\"noopener\" data-start=\"3804\" data-end=\"3826\">info@hurghada-dive.com<\/a><br data-start=\"3826\" data-end=\"3829\" \/><strong data-start=\"3829\" data-end=\"3850\">Telefon \/ WhatsApp:<\/strong> +2012 25131986<br \/><br data-start=\"3868\" data-end=\"3871\" \/><strong data-start=\"3871\" data-end=\"3883\">Adresa:<\/strong> Hurghada, Marea Ro\u0219ie, Egipt<\/p>\t\t\t\t\t\t\t\t<\/div>\n\t\t\t\t\t<\/div>\n\t\t\t\t<\/div>\n\t\t\t\t<\/div>","protected":false},"excerpt":{"rendered":"<p>Welcome to Hurghada Dive. By booking a service, activity, or course through our website, you agree to the following terms and conditions. Please read them carefully before making a reservation. [&hellip;]<\/p>","protected":false},"author":1,"featured_media":0,"parent":0,"menu_order":0,"comment_status":"closed","ping_status":"closed","template":"","meta":{"footnotes":""},"class_list":["post-18","page","type-page","status-publish","hentry"],"_links":{"self":[{"href":"https:\/\/hurghada-dive.com\/ro\/wp-json\/wp\/v2\/pages\/18","targetHints":{"allow":["GET"]}}],"collection":[{"href":"https:\/\/hurghada-dive.com\/ro\/wp-json\/wp\/v2\/pages"}],"about":[{"href":"https:\/\/hurghada-dive.com\/ro\/wp-json\/wp\/v2\/types\/page"}],"author":[{"embeddable":true,"href":"https:\/\/hurghada-dive.com\/ro\/wp-json\/wp\/v2\/users\/1"}],"replies":[{"embeddable":true,"href":"https:\/\/hurghada-dive.com\/ro\/wp-json\/wp\/v2\/comments?post=18"}],"version-history":[{"count":3,"href":"https:\/\/hurghada-dive.com\/ro\/wp-json\/wp\/v2\/pages\/18\/revisions"}],"predecessor-version":[{"id":921,"href":"https:\/\/hurghada-dive.com\/ro\/wp-json\/wp\/v2\/pages\/18\/revisions\/921"}],"wp:attachment":[{"href":"https:\/\/hurghada-dive.com\/ro\/wp-json\/wp\/v2\/media?parent=18"}],"curies":[{"name":"wp","href":"https:\/\/api.w.org\/{rel}","templated":true}]}}