{"id":429,"date":"2025-02-18T08:21:12","date_gmt":"2025-02-18T08:21:12","guid":{"rendered":"https:\/\/themegavias.com\/wp\/travivu\/travellers-information\/"},"modified":"2025-02-18T08:21:12","modified_gmt":"2025-02-18T08:21:12","slug":"informatii-pentru-calatori-2","status":"publish","type":"page","link":"https:\/\/hurghada-dive.com\/ro\/informatii-pentru-calatori-2\/","title":{"rendered":"Informa\u021bii pentru c\u0103l\u0103tori"},"content":{"rendered":"Nu exist\u0103 informa\u021bii despre turi\u0219ti!","protected":false},"excerpt":{"rendered":"","protected":false},"author":1,"featured_media":0,"parent":0,"menu_order":0,"comment_status":"closed","ping_status":"closed","template":"","meta":{"footnotes":""},"class_list":["post-429","page","type-page","status-publish","hentry"],"_links":{"self":[{"href":"https:\/\/hurghada-dive.com\/ro\/wp-json\/wp\/v2\/pages\/429","targetHints":{"allow":["GET"]}}],"collection":[{"href":"https:\/\/hurghada-dive.com\/ro\/wp-json\/wp\/v2\/pages"}],"about":[{"href":"https:\/\/hurghada-dive.com\/ro\/wp-json\/wp\/v2\/types\/page"}],"author":[{"embeddable":true,"href":"https:\/\/hurghada-dive.com\/ro\/wp-json\/wp\/v2\/users\/1"}],"replies":[{"embeddable":true,"href":"https:\/\/hurghada-dive.com\/ro\/wp-json\/wp\/v2\/comments?post=429"}],"version-history":[{"count":0,"href":"https:\/\/hurghada-dive.com\/ro\/wp-json\/wp\/v2\/pages\/429\/revisions"}],"wp:attachment":[{"href":"https:\/\/hurghada-dive.com\/ro\/wp-json\/wp\/v2\/media?parent=429"}],"curies":[{"name":"wp","href":"https:\/\/api.w.org\/{rel}","templated":true}]}}