{"id":430,"date":"2025-02-18T08:21:12","date_gmt":"2025-02-18T08:21:12","guid":{"rendered":"https:\/\/themegavias.com\/wp\/travivu\/wp-travel-engine-cart\/"},"modified":"2025-02-18T08:21:12","modified_gmt":"2025-02-18T08:21:12","slug":"carucior-cu-motor-de-calatorie-wp-2","status":"publish","type":"page","link":"https:\/\/hurghada-dive.com\/ro\/carucior-cu-motor-de-calatorie-wp-2\/","title":{"rendered":"C\u0103rucior cu motor de c\u0103l\u0103torie WP"},"content":{"rendered":"<div class=\"wp-travel\">\u00cen prezent, co\u0219ul t\u0103u este gol. Te rog s\u0103 adaugi excursii \u0219i apoi vezi co\u0219ul.<\/div>","protected":false},"excerpt":{"rendered":"","protected":false},"author":1,"featured_media":0,"parent":0,"menu_order":0,"comment_status":"closed","ping_status":"closed","template":"","meta":{"footnotes":""},"class_list":["post-430","page","type-page","status-publish","hentry"],"_links":{"self":[{"href":"https:\/\/hurghada-dive.com\/ro\/wp-json\/wp\/v2\/pages\/430","targetHints":{"allow":["GET"]}}],"collection":[{"href":"https:\/\/hurghada-dive.com\/ro\/wp-json\/wp\/v2\/pages"}],"about":[{"href":"https:\/\/hurghada-dive.com\/ro\/wp-json\/wp\/v2\/types\/page"}],"author":[{"embeddable":true,"href":"https:\/\/hurghada-dive.com\/ro\/wp-json\/wp\/v2\/users\/1"}],"replies":[{"embeddable":true,"href":"https:\/\/hurghada-dive.com\/ro\/wp-json\/wp\/v2\/comments?post=430"}],"version-history":[{"count":0,"href":"https:\/\/hurghada-dive.com\/ro\/wp-json\/wp\/v2\/pages\/430\/revisions"}],"wp:attachment":[{"href":"https:\/\/hurghada-dive.com\/ro\/wp-json\/wp\/v2\/media?parent=430"}],"curies":[{"name":"wp","href":"https:\/\/api.w.org\/{rel}","templated":true}]}}